{"id":108,"date":"2017-01-14T00:51:27","date_gmt":"2017-01-14T00:51:27","guid":{"rendered":"http:\/\/purecoincidence.ca\/?page_id=108"},"modified":"2024-08-27T21:21:03","modified_gmt":"2024-08-27T21:21:03","slug":"fr_fr","status":"publish","type":"page","link":"https:\/\/purecoincidence.ca\/en\/","title":{"rendered":"Welcome"},"content":{"rendered":"<p style=\"text-align: left;\"><span style=\"color: #000000;\"><span style=\"font-size: 1rem;\">Welcome to Pure Coincidence Films.<br \/>\n<\/span>Our goal: to share with you the world as we see it.<br \/>\nOf course, we hope that you will recognize yourself in our images and stories.<br \/>\nBut if you do, it will always be a beautiful and pure coincidence!<\/span><\/p>","protected":false},"excerpt":{"rendered":"<p>Bienvenue chez Pure co\u00efncidence. Notre but : partager avec vous le monde tel que nous le percevons. Bien s\u00fbr, nous esp\u00e9rons que vous vous reconna\u00eetrez \u00e0 travers nos images et nos histoires. Mais si c&rsquo;est le cas, il s\u2019agira toujours d\u2019une belle et pure co\u00efncidence !<\/p>","protected":false},"author":1,"featured_media":732,"parent":0,"menu_order":0,"comment_status":"closed","ping_status":"closed","template":"","meta":{"footnotes":""},"class_list":["post-108","page","type-page","status-publish","has-post-thumbnail","hentry"],"_links":{"self":[{"href":"https:\/\/purecoincidence.ca\/en\/wp-json\/wp\/v2\/pages\/108","targetHints":{"allow":["GET"]}}],"collection":[{"href":"https:\/\/purecoincidence.ca\/en\/wp-json\/wp\/v2\/pages"}],"about":[{"href":"https:\/\/purecoincidence.ca\/en\/wp-json\/wp\/v2\/types\/page"}],"author":[{"embeddable":true,"href":"https:\/\/purecoincidence.ca\/en\/wp-json\/wp\/v2\/users\/1"}],"replies":[{"embeddable":true,"href":"https:\/\/purecoincidence.ca\/en\/wp-json\/wp\/v2\/comments?post=108"}],"version-history":[{"count":111,"href":"https:\/\/purecoincidence.ca\/en\/wp-json\/wp\/v2\/pages\/108\/revisions"}],"predecessor-version":[{"id":1977,"href":"https:\/\/purecoincidence.ca\/en\/wp-json\/wp\/v2\/pages\/108\/revisions\/1977"}],"wp:featuredmedia":[{"embeddable":true,"href":"https:\/\/purecoincidence.ca\/en\/wp-json\/wp\/v2\/media\/732"}],"wp:attachment":[{"href":"https:\/\/purecoincidence.ca\/en\/wp-json\/wp\/v2\/media?parent=108"}],"curies":[{"name":"wp","href":"https:\/\/api.w.org\/{rel}","templated":true}]}}