{"id":1178,"date":"2018-02-17T19:17:21","date_gmt":"2018-02-17T19:17:21","guid":{"rendered":"https:\/\/purecoincidence.ca\/?page_id=1178"},"modified":"2019-04-25T16:46:56","modified_gmt":"2019-04-25T16:46:56","slug":"mise","status":"publish","type":"page","link":"https:\/\/purecoincidence.ca\/en\/mise\/","title":{"rendered":"The Test"},"content":{"rendered":"<h6><a href=\"http:\/\/purecoincidence.ca\/wp-content\/uploads\/2017\/01\/affiche_epreuve_1-lr.jpg\"><img loading=\"lazy\" decoding=\"async\" class=\"wp-image-134 alignleft\" src=\"http:\/\/purecoincidence.ca\/wp-content\/uploads\/2017\/01\/affiche_epreuve_1-lr-194x300.jpg\" width=\"229\" height=\"354\" srcset=\"https:\/\/purecoincidence.ca\/wp-content\/uploads\/2017\/01\/affiche_epreuve_1-lr-194x300.jpg 194w, https:\/\/purecoincidence.ca\/wp-content\/uploads\/2017\/01\/affiche_epreuve_1-lr-416x643.jpg 416w, https:\/\/purecoincidence.ca\/wp-content\/uploads\/2017\/01\/affiche_epreuve_1-lr.jpg 495w\" sizes=\"auto, (max-width: 229px) 100vw, 229px\" \/><\/a>A Film by Pierre Cavale<\/h6>\n<p><strong>Fiction Short Film<\/strong><br \/>\n<strong> Duration: 3 min.<\/strong><br \/>\n<strong> Year: 2015<\/strong><br \/>\nScreenwriter, Director and Producer:\u00a0<strong>Pierre Cavale<\/strong><br \/>\nCast:\u00a0<strong>Vincent Juneau, \u00c9velyne St-Pierre, Anne Maude Fleury, Karine Picard, Oc\u00e9ane Fortier, Chapdelaine et Rosemarie Craig<\/strong><br \/>\nDOP:\u00a0<strong>Jean-Loup Pinard<\/strong> 2nd camera operator: <strong>Pierre Cavale<\/strong><br \/>\nArt Director: <strong>Fr\u00e9d\u00e9ric Boudreault<\/strong>t<br \/>\nAD: <strong>Fran\u00e7ois Ricard<\/strong><br \/>\nContinuity:\u00a0<strong>Christiane Litalien<\/strong> \u2022 Sound:\u00a0<strong>St\u00e9phane M\u00e9tail<\/strong><br \/>\nEditors and Colorists: <strong>Simon Plante et Pierre Cavale<\/strong><br \/>\nMusic: <strong>Pierre Cavale;<\/strong> Arrangements and piano: <strong>\u00c9ric Sen\u00e9cal<\/strong><br \/>\nAll the works seen in this film are from\u00a0<strong>Christiane Litalien.<\/strong><br \/>\n\u00a9 2015 \u2013 Pure co\u00efncidence Films and Pierre Cavale<\/p>\n<p class=\"first\"><strong>Synopsis<\/strong><\/p>\n<p class=\"first\">When she became pregnant, Lili wondered: If one day she and her husband separated, would he act correctly towards her and their child? She therefore managed to find out.<\/p>\n<p><iframe loading=\"lazy\" src=\"https:\/\/player.vimeo.com\/video\/119289005?app_id=122963\" width=\"980\" height=\"551\" frameborder=\"0\" title=\"The Test\" allow=\"autoplay; fullscreen\" allowfullscreen><\/iframe><\/p>","protected":false},"excerpt":{"rendered":"<p>Un film de Pierre Cavale Court m\u00e9trage\u00a0de fiction Dur\u00e9e :\u00a03 min. Ann\u00e9e :\u00a02015 Sc\u00e9nario, r\u00e9alisation et production :\u00a0Pierre Cavale Mettant en vedette\u00a0:\u00a0Vincent Juneau, \u00c9velyne St-Pierre, Anne Maude Fleury, Karine Picard, Oc\u00e9ane Fortier, Chapdelaine et Rosemarie Craig Direction-photo :\u00a0Jean-Loup Pinard \u2022 2e cam\u00e9ra : Pierre Cavale Direction artistique : Fr\u00e9d\u00e9ric Boudreault Assistant-r\u00e9alisateur : Fran\u00e7ois Ricard Scripte [&hellip;]<\/p>","protected":false},"author":1,"featured_media":0,"parent":0,"menu_order":0,"comment_status":"closed","ping_status":"closed","template":"","meta":{"footnotes":""},"class_list":["post-1178","page","type-page","status-publish","hentry"],"_links":{"self":[{"href":"https:\/\/purecoincidence.ca\/en\/wp-json\/wp\/v2\/pages\/1178","targetHints":{"allow":["GET"]}}],"collection":[{"href":"https:\/\/purecoincidence.ca\/en\/wp-json\/wp\/v2\/pages"}],"about":[{"href":"https:\/\/purecoincidence.ca\/en\/wp-json\/wp\/v2\/types\/page"}],"author":[{"embeddable":true,"href":"https:\/\/purecoincidence.ca\/en\/wp-json\/wp\/v2\/users\/1"}],"replies":[{"embeddable":true,"href":"https:\/\/purecoincidence.ca\/en\/wp-json\/wp\/v2\/comments?post=1178"}],"version-history":[{"count":8,"href":"https:\/\/purecoincidence.ca\/en\/wp-json\/wp\/v2\/pages\/1178\/revisions"}],"predecessor-version":[{"id":1505,"href":"https:\/\/purecoincidence.ca\/en\/wp-json\/wp\/v2\/pages\/1178\/revisions\/1505"}],"wp:attachment":[{"href":"https:\/\/purecoincidence.ca\/en\/wp-json\/wp\/v2\/media?parent=1178"}],"curies":[{"name":"wp","href":"https:\/\/api.w.org\/{rel}","templated":true}]}}