{"id":1180,"date":"2018-02-17T19:18:08","date_gmt":"2018-02-17T19:18:08","guid":{"rendered":"https:\/\/purecoincidence.ca\/?page_id=1180"},"modified":"2019-05-14T20:04:45","modified_gmt":"2019-05-14T20:04:45","slug":"histoire","status":"publish","type":"page","link":"https:\/\/purecoincidence.ca\/en\/histoire\/","title":{"rendered":"An Endless Story"},"content":{"rendered":"<p><a href=\"http:\/\/purecoincidence.ca\/wp-content\/uploads\/2017\/01\/affiche_Needle_Drop-v3.jpg\"><img loading=\"lazy\" decoding=\"async\" class=\"alignleft wp-image-136\" src=\"http:\/\/purecoincidence.ca\/wp-content\/uploads\/2017\/01\/affiche_Needle_Drop-v3-200x300.jpg\" width=\"238\" height=\"356\" srcset=\"https:\/\/purecoincidence.ca\/wp-content\/uploads\/2017\/01\/affiche_Needle_Drop-v3-200x300.jpg 200w, https:\/\/purecoincidence.ca\/wp-content\/uploads\/2017\/01\/affiche_Needle_Drop-v3-416x624.jpg 416w, https:\/\/purecoincidence.ca\/wp-content\/uploads\/2017\/01\/affiche_Needle_Drop-v3.jpg 540w\" sizes=\"auto, (max-width: 238px) 100vw, 238px\" \/><\/a>A Film by Pierre Cavale<br \/>\nLanguages: French voice over, with English and French interviews.\nFrench Subtitles for the interviews conducted in English.\nOriginal Title: Une histoire sans fin<\/p>\n<p><strong>Short film, documentary<\/strong><br \/>\n<strong> Duration: 6m35s<\/strong><br \/>\n<strong> Year: 2016<\/strong><br \/>\nScreenwriter, director, producer\nvoice-over, interviewer and editor<br \/>\n<strong>Pierre Cavale<\/strong><br \/>\n2nd camera operator<br \/>\n<strong>Dominick Landry<\/strong><br \/>\nSound<br \/>\n<strong>Pierre-Luc Beaulieu<\/strong><br \/>\nCast<br \/>\n<strong>Christopher Tyson,\u00a0Natasha Perry-Fagant,\u00a0Paul Burke et Patrick Barbeau.<\/strong><\/p>\n<p><strong>Synopsis<\/strong><br \/>\nThis story is about a crazy project in the image of our century. During a whole weekend, a dream team worked day and night to shoot the trailer of a movie that did not yet exist. Documentary by Pierre Cavale shot on film\u2019s set    \u201dNeedle Drop: Inception\u201d.<\/p>\n<p><iframe loading=\"lazy\" src=\"https:\/\/player.vimeo.com\/video\/179856337?app_id=122963\" width=\"980\" height=\"551\" frameborder=\"0\" title=\"An Endless Story\" allow=\"autoplay; fullscreen\" allowfullscreen><\/iframe><\/p>\n<p>\u00a9 2016 \u2013 Pure co\u00efncidence Films and Pierre Cavale<\/p>","protected":false},"excerpt":{"rendered":"<p>Un film de Pierre Cavale Langues: Narration en fran\u00e7ais, entrevues en fran\u00e7ais et en\u00a0anglais.\u00a0Sous-titres en fran\u00e7ais pour les entrevues men\u00e9es en anglais. Court m\u00e9trage documentaire Dur\u00e9e : 6m35s Ann\u00e9e : 2016 Sc\u00e9nario, direction-photo, r\u00e9alisation,\u00a0narration, montage et production Pierre Cavale 2e cam\u00e9raman Dominick Landry Son Pierre-Luc Beaulieu Mettant en vedette : Christopher Tyson,\u00a0Natasha Perry-Fagant,\u00a0Paul Burke et [&hellip;]<\/p>","protected":false},"author":1,"featured_media":0,"parent":0,"menu_order":0,"comment_status":"closed","ping_status":"closed","template":"","meta":{"footnotes":""},"class_list":["post-1180","page","type-page","status-publish","hentry"],"_links":{"self":[{"href":"https:\/\/purecoincidence.ca\/en\/wp-json\/wp\/v2\/pages\/1180","targetHints":{"allow":["GET"]}}],"collection":[{"href":"https:\/\/purecoincidence.ca\/en\/wp-json\/wp\/v2\/pages"}],"about":[{"href":"https:\/\/purecoincidence.ca\/en\/wp-json\/wp\/v2\/types\/page"}],"author":[{"embeddable":true,"href":"https:\/\/purecoincidence.ca\/en\/wp-json\/wp\/v2\/users\/1"}],"replies":[{"embeddable":true,"href":"https:\/\/purecoincidence.ca\/en\/wp-json\/wp\/v2\/comments?post=1180"}],"version-history":[{"count":8,"href":"https:\/\/purecoincidence.ca\/en\/wp-json\/wp\/v2\/pages\/1180\/revisions"}],"predecessor-version":[{"id":1484,"href":"https:\/\/purecoincidence.ca\/en\/wp-json\/wp\/v2\/pages\/1180\/revisions\/1484"}],"wp:attachment":[{"href":"https:\/\/purecoincidence.ca\/en\/wp-json\/wp\/v2\/media?parent=1180"}],"curies":[{"name":"wp","href":"https:\/\/api.w.org\/{rel}","templated":true}]}}