{"id":1182,"date":"2018-02-17T19:18:48","date_gmt":"2018-02-17T19:18:48","guid":{"rendered":"https:\/\/purecoincidence.ca\/?page_id=1182"},"modified":"2025-09-14T18:57:26","modified_gmt":"2025-09-14T18:57:26","slug":"danse","status":"publish","type":"page","link":"https:\/\/purecoincidence.ca\/en\/danse\/","title":{"rendered":"Dancing with life"},"content":{"rendered":"<h6><\/h6>\n<h6><a href=\"http:\/\/purecoincidence.ca\/wp-content\/uploads\/2017\/05\/affiche-danse.jpg\"><img loading=\"lazy\" decoding=\"async\" class=\"wp-image-427 alignleft\" src=\"http:\/\/purecoincidence.ca\/wp-content\/uploads\/2017\/05\/affiche-danse-518x800.jpg\" alt=\"\" width=\"399\" height=\"616\" srcset=\"https:\/\/purecoincidence.ca\/wp-content\/uploads\/2017\/05\/affiche-danse-518x800.jpg 518w, https:\/\/purecoincidence.ca\/wp-content\/uploads\/2017\/05\/affiche-danse-416x643.jpg 416w, https:\/\/purecoincidence.ca\/wp-content\/uploads\/2017\/05\/affiche-danse-97x150.jpg 97w, https:\/\/purecoincidence.ca\/wp-content\/uploads\/2017\/05\/affiche-danse-768x1187.jpg 768w, https:\/\/purecoincidence.ca\/wp-content\/uploads\/2017\/05\/affiche-danse-663x1024.jpg 663w, https:\/\/purecoincidence.ca\/wp-content\/uploads\/2017\/05\/affiche-danse.jpg 792w\" sizes=\"auto, (max-width: 399px) 100vw, 399px\" \/><\/a>A Film by Pierre Cavale<br \/>\n<strong>Fiction Short Film\u00a0<\/strong><strong>4m 18s \/\u00a0<\/strong><strong>2014<\/strong><\/h6>\n<p>Screenwriter, Director, 2nd Camera Operator, Editor and Producer:<strong> :\u00a0Pierre Cavale<\/strong><br \/>\nActors:\u00a0<strong>Davyd Tousignant, Ariane-Li, Camille Loiselle-D\u2019Aragon, \u00c9lodie-Lorie Jean et Loulou Malouin<\/strong><br \/>\nDOP: <strong>Jean-Patrick Peuvion<\/strong><br \/>\nAD: <strong>Danny Draper<\/strong><br \/>\nChoreographer: <strong>Violaine Morinville<\/strong><br \/>\nMusic: <strong>Pierre Cavale et \u00c9ric Sen\u00e9cal<\/strong><br \/>\nTheme song composed by <strong>Pierre Cavale<\/strong><br \/>\nand performed by <strong>Caroline Riverin<\/strong><br \/>\nArrangements<strong> \u00c9ric Sen\u00e9cal<\/strong><br \/>\nSound <strong>Maxime Blanchette<\/strong><br \/>\nHair and Make-up: <strong>France Benoit<\/strong><br \/>\nArt advisor: <strong>Christiane Litalien<\/strong><br \/>\nCollaborator (Editing) <strong>Pierre Bundock<\/strong><br \/>\nSubtitles: <strong>Martine Pype-Rondeau<\/strong><\/p>\n<p class=\"translation-block\">\u00a9 2014 \u2013 Pure co\u00efncidence Films and Pierre Cavale<br><br>\n<strong>Synopsis<br>\n<\/strong>\nWhether the day is good or bad, for a yes or a no, Simone dances, thus celebrating her immense love for life. This is the second version of a movie originally entitled \"A Sun named Simone\" and broadcast at the Rialto Theater in March 2014, as part of Kino Montreal's monthly evenings.<\/p>\n<p>You wish to buy the film\u2019s theme-song? Click <strong><span style=\"color: #800000;\"><a style=\"color: #800000;\" href=\"https:\/\/pierrecavale.bandcamp.com\/track\/elle-danse-avec-la-vie\" target=\"_blank\" rel=\"noopener noreferrer\">Here<\/a><\/span><\/strong><\/p>","protected":false},"excerpt":{"rendered":"<p>Un film de Pierre Cavale Court m\u00e9trage\u00a0de fiction \/\u00a04m 18s \/\u00a02014 Sc\u00e9nario, r\u00e9alisation, 2e cam\u00e9raman, montage et production :\u00a0Pierre Cavale Actrices et acteurs\u00a0:\u00a0Davyd Tousignant, Ariane-Li, Camille Loiselle-D\u2019Aragon, \u00c9lodie-Lorie Jean et Loulou Malouin Direction-photo : Jean-Patrick Peuvion Assistant-r\u00e9alisateur : Danny Draper Chor\u00e9graphie : Violaine Morinville Musique : Pierre Cavale et \u00c9ric Sen\u00e9cal Chanson-th\u00e8me compos\u00e9e par Pierre [&hellip;]<\/p>","protected":false},"author":1,"featured_media":0,"parent":0,"menu_order":0,"comment_status":"closed","ping_status":"closed","template":"","meta":{"footnotes":""},"class_list":["post-1182","page","type-page","status-publish","hentry"],"_links":{"self":[{"href":"https:\/\/purecoincidence.ca\/en\/wp-json\/wp\/v2\/pages\/1182","targetHints":{"allow":["GET"]}}],"collection":[{"href":"https:\/\/purecoincidence.ca\/en\/wp-json\/wp\/v2\/pages"}],"about":[{"href":"https:\/\/purecoincidence.ca\/en\/wp-json\/wp\/v2\/types\/page"}],"author":[{"embeddable":true,"href":"https:\/\/purecoincidence.ca\/en\/wp-json\/wp\/v2\/users\/1"}],"replies":[{"embeddable":true,"href":"https:\/\/purecoincidence.ca\/en\/wp-json\/wp\/v2\/comments?post=1182"}],"version-history":[{"count":14,"href":"https:\/\/purecoincidence.ca\/en\/wp-json\/wp\/v2\/pages\/1182\/revisions"}],"predecessor-version":[{"id":1981,"href":"https:\/\/purecoincidence.ca\/en\/wp-json\/wp\/v2\/pages\/1182\/revisions\/1981"}],"wp:attachment":[{"href":"https:\/\/purecoincidence.ca\/en\/wp-json\/wp\/v2\/media?parent=1182"}],"curies":[{"name":"wp","href":"https:\/\/api.w.org\/{rel}","templated":true}]}}