{"id":1190,"date":"2018-02-17T19:30:29","date_gmt":"2018-02-17T19:30:29","guid":{"rendered":"https:\/\/purecoincidence.ca\/?page_id=1190"},"modified":"2018-05-24T16:00:56","modified_gmt":"2018-05-24T16:00:56","slug":"a-propos","status":"publish","type":"page","link":"https:\/\/purecoincidence.ca\/en\/a-propos\/","title":{"rendered":"Films"},"content":{"rendered":"<p><span style=\"font-size: 1rem;\"><img loading=\"lazy\" decoding=\"async\" class=\"wp-image-330 alignleft\" src=\"http:\/\/purecoincidence.ca\/wp-content\/uploads\/2017\/05\/17021461_382429848793626_4372065518788807427_n.jpg\" alt=\"\" width=\"348\" height=\"348\" srcset=\"https:\/\/purecoincidence.ca\/wp-content\/uploads\/2017\/05\/17021461_382429848793626_4372065518788807427_n.jpg 542w, https:\/\/purecoincidence.ca\/wp-content\/uploads\/2017\/05\/17021461_382429848793626_4372065518788807427_n-324x324.jpg 324w, https:\/\/purecoincidence.ca\/wp-content\/uploads\/2017\/05\/17021461_382429848793626_4372065518788807427_n-100x100.jpg 100w, https:\/\/purecoincidence.ca\/wp-content\/uploads\/2017\/05\/17021461_382429848793626_4372065518788807427_n-416x416.jpg 416w, https:\/\/purecoincidence.ca\/wp-content\/uploads\/2017\/05\/17021461_382429848793626_4372065518788807427_n-150x150.jpg 150w, https:\/\/purecoincidence.ca\/wp-content\/uploads\/2017\/05\/17021461_382429848793626_4372065518788807427_n-270x270.jpg 270w\" sizes=\"auto, (max-width: 348px) 100vw, 348px\" \/><\/span><\/p>\n<p><span style=\"font-size: 1rem;\">Chez les Films Pure co\u00efncidence. Nous faisons de la fiction et du documentaire.<\/span><\/p>\n<p>Our goal: to share with you the world as we see it.<\/p>\n<p>Bien s\u00fbr, nous esp\u00e9rons que vous vous reconna\u00eetrez \u00e0 travers nos histoires. Mais si c&rsquo;est le cas, il s\u2019agira toujours d\u2019une belle et pure co\u00efncidence !<\/p>","protected":false},"excerpt":{"rendered":"<p>Chez les Films Pure co\u00efncidence. Nous faisons de la fiction et du documentaire. Notre but : partager avec vous le monde tel que nous le percevons. Bien s\u00fbr, nous esp\u00e9rons que vous vous reconna\u00eetrez \u00e0 travers nos histoires. Mais si c&rsquo;est le cas, il s\u2019agira toujours d\u2019une belle et pure co\u00efncidence !<\/p>","protected":false},"author":1,"featured_media":0,"parent":0,"menu_order":0,"comment_status":"closed","ping_status":"closed","template":"","meta":{"footnotes":""},"class_list":["post-1190","page","type-page","status-publish","hentry"],"_links":{"self":[{"href":"https:\/\/purecoincidence.ca\/en\/wp-json\/wp\/v2\/pages\/1190","targetHints":{"allow":["GET"]}}],"collection":[{"href":"https:\/\/purecoincidence.ca\/en\/wp-json\/wp\/v2\/pages"}],"about":[{"href":"https:\/\/purecoincidence.ca\/en\/wp-json\/wp\/v2\/types\/page"}],"author":[{"embeddable":true,"href":"https:\/\/purecoincidence.ca\/en\/wp-json\/wp\/v2\/users\/1"}],"replies":[{"embeddable":true,"href":"https:\/\/purecoincidence.ca\/en\/wp-json\/wp\/v2\/comments?post=1190"}],"version-history":[{"count":14,"href":"https:\/\/purecoincidence.ca\/en\/wp-json\/wp\/v2\/pages\/1190\/revisions"}],"predecessor-version":[{"id":1367,"href":"https:\/\/purecoincidence.ca\/en\/wp-json\/wp\/v2\/pages\/1190\/revisions\/1367"}],"wp:attachment":[{"href":"https:\/\/purecoincidence.ca\/en\/wp-json\/wp\/v2\/media?parent=1190"}],"curies":[{"name":"wp","href":"https:\/\/api.w.org\/{rel}","templated":true}]}}